{"id":1121,"date":"2025-11-24T17:40:38","date_gmt":"2025-11-24T16:40:38","guid":{"rendered":"https:\/\/mediterraniumsitges.com\/aviso-legal\/"},"modified":"2025-12-18T15:50:04","modified_gmt":"2025-12-18T14:50:04","slug":"aviso-legal","status":"publish","type":"page","link":"https:\/\/mediterraniumsitges.com\/ca\/aviso-legal\/","title":{"rendered":"Av\u00eds legal"},"content":{"rendered":"\t\t<div data-elementor-type=\"wp-page\" data-elementor-id=\"1121\" class=\"elementor elementor-1121 elementor-640\" data-elementor-post-type=\"page\">\n\t\t\t\t<div class=\"elementor-element elementor-element-3e89ffd e-con-full e-flex e-con e-parent\" data-id=\"3e89ffd\" data-element_type=\"container\" data-settings=\"{&quot;background_background&quot;:&quot;classic&quot;}\">\n\t\t<div class=\"elementor-element elementor-element-f600619 e-con-full e-flex e-con e-child\" data-id=\"f600619\" data-element_type=\"container\">\n\t\t<div class=\"elementor-element elementor-element-42d42d1 e-con-full e-flex e-con e-child\" data-id=\"42d42d1\" data-element_type=\"container\">\n\t\t\t\t<div class=\"elementor-element elementor-element-e71ee4a elementor-pagination-position-inside elementor-widget elementor-widget-image-carousel\" data-id=\"e71ee4a\" data-element_type=\"widget\" data-settings=\"{&quot;slides_to_show&quot;:&quot;1&quot;,&quot;navigation&quot;:&quot;dots&quot;,&quot;effect&quot;:&quot;fade&quot;,&quot;autoplay&quot;:&quot;yes&quot;,&quot;pause_on_hover&quot;:&quot;yes&quot;,&quot;pause_on_interaction&quot;:&quot;yes&quot;,&quot;autoplay_speed&quot;:5000,&quot;infinite&quot;:&quot;yes&quot;,&quot;speed&quot;:500}\" data-widget_type=\"image-carousel.default\">\n\t\t\t\t\t\t\t<div class=\"elementor-image-carousel-wrapper swiper\" role=\"region\" aria-roledescription=\"carousel\" aria-label=\"Carrusel de im\u00e1genes\" dir=\"ltr\">\n\t\t\t<div class=\"elementor-image-carousel swiper-wrapper swiper-image-stretch\" aria-live=\"off\">\n\t\t\t\t\t\t\t\t<div class=\"swiper-slide\" role=\"group\" aria-roledescription=\"slide\" aria-label=\"1 de 3\"><figure class=\"swiper-slide-inner\"><img decoding=\"async\" class=\"swiper-slide-image\" src=\"https:\/\/mediterraniumsitges.com\/wp-content\/uploads\/2025\/11\/mediterranium-restaurant-sitges_1.jpg\" alt=\"mediterranium-restaurant-sitges_1\" \/><\/figure><\/div><div class=\"swiper-slide\" role=\"group\" aria-roledescription=\"slide\" aria-label=\"2 de 3\"><figure class=\"swiper-slide-inner\"><img decoding=\"async\" class=\"swiper-slide-image\" src=\"https:\/\/mediterraniumsitges.com\/wp-content\/uploads\/2025\/11\/mediterranium-restaurant_Sitges-4.jpg\" alt=\"mediterranium-restaurant_Sitges-4\" \/><\/figure><\/div><div class=\"swiper-slide\" role=\"group\" aria-roledescription=\"slide\" aria-label=\"3 de 3\"><figure class=\"swiper-slide-inner\"><img decoding=\"async\" class=\"swiper-slide-image\" src=\"https:\/\/mediterraniumsitges.com\/wp-content\/uploads\/2025\/11\/15072025-DSC09641.jpg\" alt=\"15072025-DSC09641\" \/><\/figure><\/div>\t\t\t<\/div>\n\t\t\t\t\t\t\t\n\t\t\t\t\t\t\t\t\t<div class=\"swiper-pagination\"><\/div>\n\t\t\t\t\t\t\t\t\t<\/div>\n\t\t\t\t\t\t<\/div>\n\t\t\t\t<\/div>\n\t\t\t\t<\/div>\n\t\t<div class=\"elementor-element elementor-element-11a8f96 e-con-full e-flex e-con e-child\" data-id=\"11a8f96\" data-element_type=\"container\" data-settings=\"{&quot;position&quot;:&quot;absolute&quot;}\">\n\t\t\t\t<div class=\"elementor-element elementor-element-075e8de elementor-widget__width-initial elementor-widget elementor-widget-heading\" data-id=\"075e8de\" data-element_type=\"widget\" data-widget_type=\"heading.default\">\n\t\t\t\t\t<h1 class=\"elementor-heading-title elementor-size-default\">Av\u00eds legal<\/h1>\t\t\t\t<\/div>\n\t\t\t\t<div class=\"elementor-element elementor-element-b5c05b4 elementor-view-framed elementor-shape-square elementor-widget elementor-widget-icon\" data-id=\"b5c05b4\" data-element_type=\"widget\" data-settings=\"{&quot;motion_fx_motion_fx_scrolling&quot;:&quot;yes&quot;,&quot;motion_fx_opacity_effect&quot;:&quot;yes&quot;,&quot;motion_fx_opacity_direction&quot;:&quot;in-out&quot;,&quot;motion_fx_opacity_range&quot;:{&quot;unit&quot;:&quot;%&quot;,&quot;size&quot;:&quot;&quot;,&quot;sizes&quot;:{&quot;start&quot;:50,&quot;end&quot;:80}},&quot;motion_fx_opacity_level&quot;:{&quot;unit&quot;:&quot;px&quot;,&quot;size&quot;:10,&quot;sizes&quot;:[]},&quot;motion_fx_devices&quot;:[&quot;desktop&quot;,&quot;tablet&quot;,&quot;mobile&quot;]}\" data-widget_type=\"icon.default\">\n\t\t\t\t\t\t\t<div class=\"elementor-icon-wrapper\">\n\t\t\t<div class=\"elementor-icon\">\n\t\t\t<svg aria-hidden=\"true\" class=\"e-font-icon-svg e-fas-chevron-down\" viewBox=\"0 0 448 512\" xmlns=\"http:\/\/www.w3.org\/2000\/svg\"><path d=\"M207.029 381.476L12.686 187.132c-9.373-9.373-9.373-24.569 0-33.941l22.667-22.667c9.357-9.357 24.522-9.375 33.901-.04L224 284.505l154.745-154.021c9.379-9.335 24.544-9.317 33.901.04l22.667 22.667c9.373 9.373 9.373 24.569 0 33.941L240.971 381.476c-9.373 9.372-24.569 9.372-33.942 0z\"><\/path><\/svg>\t\t\t<\/div>\n\t\t<\/div>\n\t\t\t\t\t\t<\/div>\n\t\t\t\t<\/div>\n\t\t\t\t<\/div>\n\t\t<div class=\"elementor-element elementor-element-aba0882 e-flex e-con-boxed e-con e-parent\" data-id=\"aba0882\" data-element_type=\"container\" data-settings=\"{&quot;background_background&quot;:&quot;classic&quot;}\">\n\t\t\t\t\t<div class=\"e-con-inner\">\n\t\t\t\t<div class=\"elementor-element elementor-element-f60b8e3 elementor-widget elementor-widget-text-editor\" data-id=\"f60b8e3\" data-element_type=\"widget\" data-widget_type=\"text-editor.default\">\n\t\t\t\t\t\t\t\t\t<p data-start=\"3583\" data-end=\"3751\">En compliment de l\u2019article 10 de la Llei 34\/2002, de serveis de la societat de la informaci\u00f3 i de comer\u00e7 electr\u00f2nic (LSSI-CE), s\u2019informa l\u2019usuari de les seg\u00fcents dades:<\/p><p data-start=\"3753\" data-end=\"3979\"><strong data-start=\"3753\" data-end=\"3776\">Denominaci\u00f3 social:<\/strong> YELLOW PARADISE S.L.<br data-start=\"3797\" data-end=\"3800\" \/><strong data-start=\"3800\" data-end=\"3818\">Nom comercial:<\/strong> Grupo Dezana<br data-start=\"3831\" data-end=\"3834\" \/><strong data-start=\"3834\" data-end=\"3854\">Domicili social:<\/strong> Passeig de la Ribera, n\u00famero 41, 08870 Sitges<br data-start=\"3900\" data-end=\"3903\" \/><strong data-start=\"3903\" data-end=\"3911\">NIF:<\/strong> B65232498<br data-start=\"3921\" data-end=\"3924\" \/><strong data-start=\"3924\" data-end=\"3946\">Correu electr\u00f2nic:<\/strong> <a class=\"decorated-link cursor-pointer\" rel=\"noopener\" data-start=\"3947\" data-end=\"3977\">yellowparadiseslrgpd@gmail.com<\/a><\/p><h3 data-start=\"3981\" data-end=\"3992\">Objecte<\/h3><p data-start=\"3994\" data-end=\"4131\">Aquest document regula les condicions d\u2019\u00fas del lloc web i t\u00e9 com a finalitat donar compliment a les obligacions establertes a la LSSI-CE.<\/p><p data-start=\"4133\" data-end=\"4255\">L\u2019acc\u00e9s i \u00fas del lloc web atribueix la condici\u00f3 d\u2019usuari, que accepta plenament aquestes condicions i la normativa vigent.<\/p><p data-start=\"4257\" data-end=\"4377\">El prestador no es fa responsable de la informaci\u00f3 publicada quan hagi estat manipulada o introdu\u00efda per tercers aliens.<\/p><h3 data-start=\"4379\" data-end=\"4398\">Responsabilitat<\/h3><p data-start=\"4400\" data-end=\"4616\">Aquest lloc web pot utilitzar cookies t\u00e8cniques necess\u00e0ries per al seu funcionament. En cap cas s\u2019utilitzaran cookies per recollir dades personals sense consentiment. S\u2019ha d\u2019afegir un enlla\u00e7 a la Pol\u00edtica de Cookies.<\/p><p data-start=\"4618\" data-end=\"4830\">El lloc web pot contenir enlla\u00e7os a continguts de tercers. El prestador no assumeix cap responsabilitat sobre aquests continguts, per\u00f2 procedir\u00e0 a retirar-los si vulneren la legislaci\u00f3, la moral o l\u2019ordre p\u00fablic.<\/p><p data-start=\"4832\" data-end=\"5010\">El prestador no es responsabilitza dels continguts publicats per tercers en f\u00f2rums, comentaris o xarxes socials, per\u00f2 col\u00b7laborar\u00e0 activament en la seva retirada si \u00e9s necessari.<\/p><h3 data-start=\"5012\" data-end=\"5052\">Propietat intel\u00b7lectual i industrial<\/h3><p data-start=\"5054\" data-end=\"5249\">Tots els continguts del lloc web (textos, imatges, dissenys, logotips, programaci\u00f3) s\u00f3n propietat del prestador o disposen de la corresponent llic\u00e8ncia, i estan protegits per la normativa vigent.<\/p><p data-start=\"5251\" data-end=\"5326\">Queda prohibida la reproducci\u00f3 total o parcial sense autoritzaci\u00f3 expressa.<\/p><h3 data-start=\"5328\" data-end=\"5358\">Veracitat de la informaci\u00f3<\/h3><p data-start=\"5360\" data-end=\"5496\">L\u2019usuari garanteix que les dades facilitades s\u00f3n veraces i actualitzades, sent responsable de qualsevol inexactitud o perjudici derivat.<\/p><h3 data-start=\"5498\" data-end=\"5515\">Menors d\u2019edat<\/h3><p data-start=\"5517\" data-end=\"5647\">Els menors d\u2019edat han de comptar amb el consentiment previ dels seus pares o tutors legals per utilitzar els serveis del lloc web.<\/p><h3 data-start=\"5649\" data-end=\"5677\">\u00das correcte del lloc web<\/h3><p data-start=\"5679\" data-end=\"5841\">L\u2019usuari es compromet a utilitzar el lloc web d\u2019acord amb la llei, la moral i l\u2019ordre p\u00fablic, i a no realitzar activitats il\u00b7l\u00edcites o perjudicials per a tercers.<\/p><h3 data-start=\"5843\" data-end=\"5881\">Legislaci\u00f3 aplicable i jurisdicci\u00f3<\/h3><p data-start=\"5883\" data-end=\"6023\">Aquest lloc web es regeix per la legislaci\u00f3 espanyola. Per a qualsevol conflicte, seran competents els jutjats i tribunals de <strong data-start=\"6009\" data-end=\"6022\">Catalunya<\/strong>.<\/p>\t\t\t\t\t\t\t\t<\/div>\n\t\t\t\t\t<\/div>\n\t\t\t\t<\/div>\n\t\t\t\t<\/div>\n\t\t","protected":false},"excerpt":{"rendered":"<p>En compliment de l\u2019article 10 de la Llei 34\/2002, de serveis de la societat de la informaci\u00f3 i de comer\u00e7 electr\u00f2nic (LSSI-CE), s\u2019informa l\u2019usuari de les seg\u00fcents dades: Denominaci\u00f3 social: YELLOW PARADISE S.L.Nom comercial: Grupo DezanaDomicili social: Passeig de la Ribera, n\u00famero 41, 08870 SitgesNIF: B65232498Correu electr\u00f2nic: yellowparadiseslrgpd@gmail.com Objecte Aquest document regula les condicions d\u2019\u00fas [&hellip;]<\/p>\n","protected":false},"author":1,"featured_media":0,"parent":0,"menu_order":0,"comment_status":"closed","ping_status":"closed","template":"","meta":{"footnotes":""},"class_list":["post-1121","page","type-page","status-publish","hentry"],"yoast_head":"<!-- This site is optimized with the Yoast SEO plugin v26.6 - https:\/\/yoast.com\/wordpress\/plugins\/seo\/ -->\n<title>Av\u00eds legal - Mediterranium Restaurant Sitges<\/title>\n<meta name=\"robots\" content=\"index, follow, max-snippet:-1, max-image-preview:large, max-video-preview:-1\" \/>\n<link rel=\"canonical\" href=\"https:\/\/mediterraniumsitges.com\/ca\/aviso-legal\/\" \/>\n<meta property=\"og:locale\" content=\"ca_ES\" \/>\n<meta property=\"og:type\" content=\"article\" \/>\n<meta property=\"og:title\" content=\"Av\u00eds legal - Mediterranium Restaurant Sitges\" \/>\n<meta property=\"og:description\" content=\"En compliment de l\u2019article 10 de la Llei 34\/2002, de serveis de la societat de la informaci\u00f3 i de comer\u00e7 electr\u00f2nic (LSSI-CE), s\u2019informa l\u2019usuari de les seg\u00fcents dades: Denominaci\u00f3 social: YELLOW PARADISE S.L.Nom comercial: Grupo DezanaDomicili social: Passeig de la Ribera, n\u00famero 41, 08870 SitgesNIF: B65232498Correu electr\u00f2nic: yellowparadiseslrgpd@gmail.com Objecte Aquest document regula les condicions d\u2019\u00fas [&hellip;]\" \/>\n<meta property=\"og:url\" content=\"https:\/\/mediterraniumsitges.com\/ca\/aviso-legal\/\" \/>\n<meta property=\"og:site_name\" content=\"Mediterranium Restaurant Sitges\" \/>\n<meta property=\"article:modified_time\" content=\"2025-12-18T14:50:04+00:00\" \/>\n<meta property=\"og:image\" content=\"https:\/\/mediterraniumsitges.com\/wp-content\/uploads\/2025\/11\/mediterranium-restaurant-sitges_1.jpg\" \/>\n<meta name=\"twitter:card\" content=\"summary_large_image\" \/>\n<meta name=\"twitter:label1\" content=\"Temps estimat de lectura\" \/>\n\t<meta name=\"twitter:data1\" content=\"2 minuts\" \/>\n<script type=\"application\/ld+json\" class=\"yoast-schema-graph\">{\"@context\":\"https:\/\/schema.org\",\"@graph\":[{\"@type\":\"WebPage\",\"@id\":\"https:\/\/mediterraniumsitges.com\/ca\/aviso-legal\/\",\"url\":\"https:\/\/mediterraniumsitges.com\/ca\/aviso-legal\/\",\"name\":\"Av\u00eds legal - Mediterranium Restaurant Sitges\",\"isPartOf\":{\"@id\":\"https:\/\/mediterraniumsitges.com\/ca\/#website\"},\"primaryImageOfPage\":{\"@id\":\"https:\/\/mediterraniumsitges.com\/ca\/aviso-legal\/#primaryimage\"},\"image\":{\"@id\":\"https:\/\/mediterraniumsitges.com\/ca\/aviso-legal\/#primaryimage\"},\"thumbnailUrl\":\"https:\/\/mediterraniumsitges.com\/wp-content\/uploads\/2025\/11\/mediterranium-restaurant-sitges_1.jpg\",\"datePublished\":\"2025-11-24T16:40:38+00:00\",\"dateModified\":\"2025-12-18T14:50:04+00:00\",\"breadcrumb\":{\"@id\":\"https:\/\/mediterraniumsitges.com\/ca\/aviso-legal\/#breadcrumb\"},\"inLanguage\":\"ca\",\"potentialAction\":[{\"@type\":\"ReadAction\",\"target\":[\"https:\/\/mediterraniumsitges.com\/ca\/aviso-legal\/\"]}]},{\"@type\":\"ImageObject\",\"inLanguage\":\"ca\",\"@id\":\"https:\/\/mediterraniumsitges.com\/ca\/aviso-legal\/#primaryimage\",\"url\":\"https:\/\/mediterraniumsitges.com\/wp-content\/uploads\/2025\/11\/mediterranium-restaurant-sitges_1.jpg\",\"contentUrl\":\"https:\/\/mediterraniumsitges.com\/wp-content\/uploads\/2025\/11\/mediterranium-restaurant-sitges_1.jpg\"},{\"@type\":\"BreadcrumbList\",\"@id\":\"https:\/\/mediterraniumsitges.com\/ca\/aviso-legal\/#breadcrumb\",\"itemListElement\":[{\"@type\":\"ListItem\",\"position\":1,\"name\":\"Portada\",\"item\":\"https:\/\/mediterraniumsitges.com\/ca\/\"},{\"@type\":\"ListItem\",\"position\":2,\"name\":\"Av\u00eds legal\"}]},{\"@type\":\"WebSite\",\"@id\":\"https:\/\/mediterraniumsitges.com\/ca\/#website\",\"url\":\"https:\/\/mediterraniumsitges.com\/ca\/\",\"name\":\"Mediterranium Restaurant Sitges\",\"description\":\"\",\"publisher\":{\"@id\":\"https:\/\/mediterraniumsitges.com\/ca\/#organization\"},\"potentialAction\":[{\"@type\":\"SearchAction\",\"target\":{\"@type\":\"EntryPoint\",\"urlTemplate\":\"https:\/\/mediterraniumsitges.com\/ca\/?s={search_term_string}\"},\"query-input\":{\"@type\":\"PropertyValueSpecification\",\"valueRequired\":true,\"valueName\":\"search_term_string\"}}],\"inLanguage\":\"ca\"},{\"@type\":\"Organization\",\"@id\":\"https:\/\/mediterraniumsitges.com\/ca\/#organization\",\"name\":\"Mediterranium Restaurant Sitges\",\"url\":\"https:\/\/mediterraniumsitges.com\/ca\/\",\"logo\":{\"@type\":\"ImageObject\",\"inLanguage\":\"ca\",\"@id\":\"https:\/\/mediterraniumsitges.com\/ca\/#\/schema\/logo\/image\/\",\"url\":\"https:\/\/mediterraniumsitges.com\/wp-content\/uploads\/2025\/11\/logo-dark.png\",\"contentUrl\":\"https:\/\/mediterraniumsitges.com\/wp-content\/uploads\/2025\/11\/logo-dark.png\",\"width\":512,\"height\":512,\"caption\":\"Mediterranium Restaurant Sitges\"},\"image\":{\"@id\":\"https:\/\/mediterraniumsitges.com\/ca\/#\/schema\/logo\/image\/\"},\"sameAs\":[\"https:\/\/www.instagram.com\/mediterraniumsitges\/\"]}]}<\/script>\n<!-- \/ Yoast SEO plugin. -->","yoast_head_json":{"title":"Av\u00eds legal - Mediterranium Restaurant Sitges","robots":{"index":"index","follow":"follow","max-snippet":"max-snippet:-1","max-image-preview":"max-image-preview:large","max-video-preview":"max-video-preview:-1"},"canonical":"https:\/\/mediterraniumsitges.com\/ca\/aviso-legal\/","og_locale":"ca_ES","og_type":"article","og_title":"Av\u00eds legal - Mediterranium Restaurant Sitges","og_description":"En compliment de l\u2019article 10 de la Llei 34\/2002, de serveis de la societat de la informaci\u00f3 i de comer\u00e7 electr\u00f2nic (LSSI-CE), s\u2019informa l\u2019usuari de les seg\u00fcents dades: Denominaci\u00f3 social: YELLOW PARADISE S.L.Nom comercial: Grupo DezanaDomicili social: Passeig de la Ribera, n\u00famero 41, 08870 SitgesNIF: B65232498Correu electr\u00f2nic: yellowparadiseslrgpd@gmail.com Objecte Aquest document regula les condicions d\u2019\u00fas [&hellip;]","og_url":"https:\/\/mediterraniumsitges.com\/ca\/aviso-legal\/","og_site_name":"Mediterranium Restaurant Sitges","article_modified_time":"2025-12-18T14:50:04+00:00","og_image":[{"url":"https:\/\/mediterraniumsitges.com\/wp-content\/uploads\/2025\/11\/mediterranium-restaurant-sitges_1.jpg","type":"","width":"","height":""}],"twitter_card":"summary_large_image","twitter_misc":{"Temps estimat de lectura":"2 minuts"},"schema":{"@context":"https:\/\/schema.org","@graph":[{"@type":"WebPage","@id":"https:\/\/mediterraniumsitges.com\/ca\/aviso-legal\/","url":"https:\/\/mediterraniumsitges.com\/ca\/aviso-legal\/","name":"Av\u00eds legal - Mediterranium Restaurant Sitges","isPartOf":{"@id":"https:\/\/mediterraniumsitges.com\/ca\/#website"},"primaryImageOfPage":{"@id":"https:\/\/mediterraniumsitges.com\/ca\/aviso-legal\/#primaryimage"},"image":{"@id":"https:\/\/mediterraniumsitges.com\/ca\/aviso-legal\/#primaryimage"},"thumbnailUrl":"https:\/\/mediterraniumsitges.com\/wp-content\/uploads\/2025\/11\/mediterranium-restaurant-sitges_1.jpg","datePublished":"2025-11-24T16:40:38+00:00","dateModified":"2025-12-18T14:50:04+00:00","breadcrumb":{"@id":"https:\/\/mediterraniumsitges.com\/ca\/aviso-legal\/#breadcrumb"},"inLanguage":"ca","potentialAction":[{"@type":"ReadAction","target":["https:\/\/mediterraniumsitges.com\/ca\/aviso-legal\/"]}]},{"@type":"ImageObject","inLanguage":"ca","@id":"https:\/\/mediterraniumsitges.com\/ca\/aviso-legal\/#primaryimage","url":"https:\/\/mediterraniumsitges.com\/wp-content\/uploads\/2025\/11\/mediterranium-restaurant-sitges_1.jpg","contentUrl":"https:\/\/mediterraniumsitges.com\/wp-content\/uploads\/2025\/11\/mediterranium-restaurant-sitges_1.jpg"},{"@type":"BreadcrumbList","@id":"https:\/\/mediterraniumsitges.com\/ca\/aviso-legal\/#breadcrumb","itemListElement":[{"@type":"ListItem","position":1,"name":"Portada","item":"https:\/\/mediterraniumsitges.com\/ca\/"},{"@type":"ListItem","position":2,"name":"Av\u00eds legal"}]},{"@type":"WebSite","@id":"https:\/\/mediterraniumsitges.com\/ca\/#website","url":"https:\/\/mediterraniumsitges.com\/ca\/","name":"Mediterranium Restaurant Sitges","description":"","publisher":{"@id":"https:\/\/mediterraniumsitges.com\/ca\/#organization"},"potentialAction":[{"@type":"SearchAction","target":{"@type":"EntryPoint","urlTemplate":"https:\/\/mediterraniumsitges.com\/ca\/?s={search_term_string}"},"query-input":{"@type":"PropertyValueSpecification","valueRequired":true,"valueName":"search_term_string"}}],"inLanguage":"ca"},{"@type":"Organization","@id":"https:\/\/mediterraniumsitges.com\/ca\/#organization","name":"Mediterranium Restaurant Sitges","url":"https:\/\/mediterraniumsitges.com\/ca\/","logo":{"@type":"ImageObject","inLanguage":"ca","@id":"https:\/\/mediterraniumsitges.com\/ca\/#\/schema\/logo\/image\/","url":"https:\/\/mediterraniumsitges.com\/wp-content\/uploads\/2025\/11\/logo-dark.png","contentUrl":"https:\/\/mediterraniumsitges.com\/wp-content\/uploads\/2025\/11\/logo-dark.png","width":512,"height":512,"caption":"Mediterranium Restaurant Sitges"},"image":{"@id":"https:\/\/mediterraniumsitges.com\/ca\/#\/schema\/logo\/image\/"},"sameAs":["https:\/\/www.instagram.com\/mediterraniumsitges\/"]}]}},"_links":{"self":[{"href":"https:\/\/mediterraniumsitges.com\/ca\/wp-json\/wp\/v2\/pages\/1121","targetHints":{"allow":["GET"]}}],"collection":[{"href":"https:\/\/mediterraniumsitges.com\/ca\/wp-json\/wp\/v2\/pages"}],"about":[{"href":"https:\/\/mediterraniumsitges.com\/ca\/wp-json\/wp\/v2\/types\/page"}],"author":[{"embeddable":true,"href":"https:\/\/mediterraniumsitges.com\/ca\/wp-json\/wp\/v2\/users\/1"}],"replies":[{"embeddable":true,"href":"https:\/\/mediterraniumsitges.com\/ca\/wp-json\/wp\/v2\/comments?post=1121"}],"version-history":[{"count":12,"href":"https:\/\/mediterraniumsitges.com\/ca\/wp-json\/wp\/v2\/pages\/1121\/revisions"}],"predecessor-version":[{"id":1206,"href":"https:\/\/mediterraniumsitges.com\/ca\/wp-json\/wp\/v2\/pages\/1121\/revisions\/1206"}],"wp:attachment":[{"href":"https:\/\/mediterraniumsitges.com\/ca\/wp-json\/wp\/v2\/media?parent=1121"}],"curies":[{"name":"wp","href":"https:\/\/api.w.org\/{rel}","templated":true}]}}